{"id":77,"date":"2026-04-08T17:03:10","date_gmt":"2026-04-08T17:03:10","guid":{"rendered":"https:\/\/prendresoindesonhetre.fr\/?page_id=77"},"modified":"2026-04-08T18:44:28","modified_gmt":"2026-04-08T18:44:28","slug":"accueil","status":"publish","type":"page","link":"https:\/\/prendresoindesonhetre.fr\/index.php\/accueil\/","title":{"rendered":"Accueil"},"content":{"rendered":"<style>.kb-row-layout-id77_6c2bd8-5c > .kt-row-column-wrap{align-content:start;}:where(.kb-row-layout-id77_6c2bd8-5c > .kt-row-column-wrap) > .wp-block-kadence-column{justify-content:start;}.kb-row-layout-id77_6c2bd8-5c > .kt-row-column-wrap{column-gap:var(--global-kb-gap-md, 2rem);row-gap:76px;max-width:800px;margin-left:auto;margin-right:auto;padding-top:0px;padding-right:0px;padding-bottom:0px;padding-left:var(--global-kb-spacing-sm, 1.5rem);min-height:1010px;grid-template-columns:minmax(0, 1fr);}.kb-row-layout-id77_6c2bd8-5c > .kt-row-layout-overlay{opacity:0.42;background-image:url('http:\/\/prendresoindesonhetre.fr\/wp-content\/uploads\/2026\/04\/Photo_2026-03-08_123256-2-7-scaled.jpg');background-size:cover;background-position:center center;background-attachment:scroll;background-repeat:no-repeat;}@media all and (max-width: 1024px){.kb-row-layout-id77_6c2bd8-5c > .kt-row-column-wrap{grid-template-columns:minmax(0, 1fr);}}@media all and (max-width: 767px){.kb-row-layout-id77_6c2bd8-5c > .kt-row-column-wrap{grid-template-columns:minmax(0, 1fr);}.kb-row-layout-id77_6c2bd8-5c > .kt-row-column-wrap > .wp-block-kadence-column:nth-child(1 of *:not(style)){order:1;}.kb-row-layout-id77_6c2bd8-5c > .kt-row-column-wrap > .wp-block-kadence-column:nth-child(2 of *:not(style)){order:11;}.kb-row-layout-id77_6c2bd8-5c > .kt-row-column-wrap > .wp-block-kadence-column:nth-child(3 of *:not(style)){order:21;}.kb-row-layout-id77_6c2bd8-5c > .kt-row-column-wrap > .wp-block-kadence-column:nth-child(4 of *:not(style)){order:31;}}<\/style><div class=\"kb-row-layout-wrap kb-row-layout-id77_6c2bd8-5c alignnone has-theme-palette9-background-color kt-row-has-bg wp-block-kadence-rowlayout\"><div class=\"kt-row-layout-overlay kt-row-overlay-normal\"><\/div><div class=\"kt-row-column-wrap kt-has-1-columns kt-row-layout-equal kt-tab-layout-inherit kt-mobile-layout-row kt-row-valign-top\">\n<style>.kadence-column77_a50d77-3c > .kt-inside-inner-col,.kadence-column77_a50d77-3c > .kt-inside-inner-col:before{border-top-left-radius:0px;border-top-right-radius:0px;border-bottom-right-radius:0px;border-bottom-left-radius:0px;}.kadence-column77_a50d77-3c > .kt-inside-inner-col{column-gap:var(--global-kb-gap-sm, 1rem);}.kadence-column77_a50d77-3c > .kt-inside-inner-col{flex-direction:column;}.kadence-column77_a50d77-3c > .kt-inside-inner-col > .aligncenter{width:100%;}.kadence-column77_a50d77-3c > .kt-inside-inner-col:before{opacity:0.3;}.kadence-column77_a50d77-3c{position:relative;}@media all and (max-width: 1024px){.kadence-column77_a50d77-3c > .kt-inside-inner-col{flex-direction:column;justify-content:center;}}@media all and (max-width: 767px){.kadence-column77_a50d77-3c > .kt-inside-inner-col{flex-direction:column;justify-content:center;}}<\/style>\n<div class=\"wp-block-kadence-column kadence-column77_a50d77-3c\"><div class=\"kt-inside-inner-col\"><\/div><\/div>\n\n\n<style>.kadence-column77_15ac9c-18 > .kt-inside-inner-col,.kadence-column77_15ac9c-18 > .kt-inside-inner-col:before{border-top-left-radius:0px;border-top-right-radius:0px;border-bottom-right-radius:0px;border-bottom-left-radius:0px;}.kadence-column77_15ac9c-18 > .kt-inside-inner-col{column-gap:var(--global-kb-gap-sm, 1rem);}.kadence-column77_15ac9c-18 > .kt-inside-inner-col{flex-direction:column;}.kadence-column77_15ac9c-18 > .kt-inside-inner-col > .aligncenter{width:100%;}.kadence-column77_15ac9c-18 > .kt-inside-inner-col:before{opacity:0.3;}.kadence-column77_15ac9c-18{position:relative;}@media all and (max-width: 1024px){.kadence-column77_15ac9c-18 > .kt-inside-inner-col{flex-direction:column;justify-content:center;}}@media all and (max-width: 767px){.kadence-column77_15ac9c-18 > .kt-inside-inner-col{flex-direction:column;justify-content:center;}}<\/style>\n<div class=\"wp-block-kadence-column kadence-column77_15ac9c-18\"><div class=\"kt-inside-inner-col\">\n<div class=\"wp-block-group\"><div class=\"wp-block-group__inner-container is-layout-constrained wp-block-group-is-layout-constrained\"><style>.wp-block-kadence-advancedheading.kt-adv-heading77_ea8b3c-d7, .wp-block-kadence-advancedheading.kt-adv-heading77_ea8b3c-d7[data-kb-block=\"kb-adv-heading77_ea8b3c-d7\"]{max-width:421px;margin-right:auto;margin-left:auto;padding-top:var(--global-kb-spacing-3xl, 6.5rem);padding-bottom:0px;text-align:center;font-size:var(--global-kb-font-size-sm, 0.9rem);line-height:2;font-weight:500;font-style:italic;font-family:'Zalando Sans SemiExpanded';text-shadow:1px 1px 1px rgba(0, 0, 0, 0.2);}.wp-block-kadence-advancedheading.kt-adv-heading77_ea8b3c-d7 mark.kt-highlight, .wp-block-kadence-advancedheading.kt-adv-heading77_ea8b3c-d7[data-kb-block=\"kb-adv-heading77_ea8b3c-d7\"] mark.kt-highlight{font-style:normal;color:#f76a0c;-webkit-box-decoration-break:clone;box-decoration-break:clone;padding-top:0px;padding-right:0px;padding-bottom:0px;padding-left:0px;}.wp-block-kadence-advancedheading.kt-adv-heading77_ea8b3c-d7 img.kb-inline-image, .wp-block-kadence-advancedheading.kt-adv-heading77_ea8b3c-d7[data-kb-block=\"kb-adv-heading77_ea8b3c-d7\"] img.kb-inline-image{width:150px;vertical-align:baseline;}@media all and (max-width: 1024px){.wp-block-kadence-advancedheading.kt-adv-heading77_ea8b3c-d7, .wp-block-kadence-advancedheading.kt-adv-heading77_ea8b3c-d7[data-kb-block=\"kb-adv-heading77_ea8b3c-d7\"]{text-shadow:1px 1px 1px rgba(0, 0, 0, 0.2);}}@media all and (max-width: 767px){.wp-block-kadence-advancedheading.kt-adv-heading77_ea8b3c-d7, .wp-block-kadence-advancedheading.kt-adv-heading77_ea8b3c-d7[data-kb-block=\"kb-adv-heading77_ea8b3c-d7\"]{text-shadow:1px 1px 1px rgba(0, 0, 0, 0.2);}}<\/style>\n<h4 class=\"kt-adv-heading77_ea8b3c-d7 wp-block-kadence-advancedheading\" data-kb-block=\"kb-adv-heading77_ea8b3c-d7\">Combien de fois dans une journ\u00e9e vous \u00eates-vous autoris\u00e9 \u00e0 \u00eatre enti\u00e8rement vous\u2011m\u00eame ?<br>Sans jouer un r\u00f4le.<br>Sans faire bonne figure.<br>Sans retenir ce qui d\u00e9borde.<br>Ici, vous pouvez.<br>Cet espace, je l&rsquo;ai cr\u00e9\u00e9 pour que chacun puisse trouver ce qu\u2019un regard bienveillant peut offrir.<br>Un endroit o\u00f9 vous \u00eates exactement ce que vous \u00eates.<br>Sans vous cacher.<br>Sans vous justifier.<br>Sans \u00eatre trop dur avec vous-m\u00eame.<br><br><\/h4>\n<\/div><\/div>\n<\/div><\/div>\n\n<\/div><\/div>\n\n\n<p><\/p>\n","protected":false},"excerpt":{"rendered":"<p>Combien de fois dans une journ\u00e9e vous \u00eates-vous autoris\u00e9 \u00e0 \u00eatre enti\u00e8rement vous\u2011m\u00eame ?Sans jouer un r\u00f4le.Sans faire bonne figure.Sans retenir ce qui d\u00e9borde.Ici, vous pouvez.Cet espace, je l&rsquo;ai cr\u00e9\u00e9 pour que chacun puisse trouver ce qu\u2019un regard bienveillant peut offrir.Un endroit o\u00f9 vous \u00eates exactement ce que vous \u00eates.Sans vous cacher.Sans vous justifier.Sans \u00eatre&#8230;<\/p>\n","protected":false},"author":1,"featured_media":0,"parent":0,"menu_order":0,"comment_status":"closed","ping_status":"closed","template":"","meta":{"_kad_post_transparent":"","_kad_post_title":"hide","_kad_post_layout":"","_kad_post_sidebar_id":"","_kad_post_content_style":"default","_kad_post_vertical_padding":"default","_kad_post_feature":"default","_kad_post_feature_position":"","_kad_post_header":false,"_kad_post_footer":false,"_kad_post_classname":"","footnotes":""},"class_list":["post-77","page","type-page","status-publish","hentry"],"_links":{"self":[{"href":"https:\/\/prendresoindesonhetre.fr\/index.php\/wp-json\/wp\/v2\/pages\/77","targetHints":{"allow":["GET"]}}],"collection":[{"href":"https:\/\/prendresoindesonhetre.fr\/index.php\/wp-json\/wp\/v2\/pages"}],"about":[{"href":"https:\/\/prendresoindesonhetre.fr\/index.php\/wp-json\/wp\/v2\/types\/page"}],"author":[{"embeddable":true,"href":"https:\/\/prendresoindesonhetre.fr\/index.php\/wp-json\/wp\/v2\/users\/1"}],"replies":[{"embeddable":true,"href":"https:\/\/prendresoindesonhetre.fr\/index.php\/wp-json\/wp\/v2\/comments?post=77"}],"version-history":[{"count":22,"href":"https:\/\/prendresoindesonhetre.fr\/index.php\/wp-json\/wp\/v2\/pages\/77\/revisions"}],"predecessor-version":[{"id":110,"href":"https:\/\/prendresoindesonhetre.fr\/index.php\/wp-json\/wp\/v2\/pages\/77\/revisions\/110"}],"wp:attachment":[{"href":"https:\/\/prendresoindesonhetre.fr\/index.php\/wp-json\/wp\/v2\/media?parent=77"}],"curies":[{"name":"wp","href":"https:\/\/api.w.org\/{rel}","templated":true}]}}